{"id":2,"date":"2012-03-12T17:49:56","date_gmt":"2012-03-12T17:49:56","guid":{"rendered":"http:\/\/www.lesmottets.com\/tour-du-mont-blanc\/?page_id=2"},"modified":"2025-10-23T16:01:17","modified_gmt":"2025-10-23T16:01:17","slug":"accueil","status":"publish","type":"page","link":"http:\/\/www.lesmottets.com\/tour-du-mont-blanc\/","title":{"rendered":"Accueil"},"content":{"rendered":"<p>Situ\u00e9 au sud de la Cha\u00eene du Mont Blanc,<\/p>\n<p style=\"padding-left: 30px; margin-top: -20px;\">&#8211; dans la magnifique vall\u00e9e des Glaciers<br>&#8211; \u00e0 1864 m d\u2019altitude<br>&#8211; au pied de l\u2019aiguille des Glaciers et du col de la Seigne<br>&#8211; sur l\u2019itin\u00e9raire du tour du Mont Blanc le GR TMB.<\/p>\n<p><strong>Cet ancien chalet d\u2019alpage, confortablement r\u00e9habilit\u00e9 en 2010, <\/strong><br><strong>vous accueille du <span style=\"color: #99cc00;\">10 juin au 20 septembre 2026<\/span>.<\/strong><\/p>\n<p>Si vous souhaitez d\u00e9couvrir ou red\u00e9couvrir,<\/p>\n<p style=\"padding-left: 30px; margin-top: -20px;\">&#8211; les joies des soir\u00e9es d\u2019antan,<br>&#8211; le plaisir de se lever le matin en pleine montagne<br>&#8211; l\u2019atmosph\u00e8re paisible de la nature, loin des tumultes de la vie moderne.<\/p>\n<p>L\u2019\u00e9quipe du Refuge des Mottets vous attend pour une ou plusieurs nuits,<\/p>\n<p style=\"padding-left: 30px; margin-top: -20px;\">&#8211; en grand dortoir<br>&#8211; en dortoir de quatre personnes<br>&#8211; en chambre de deux personnes<br>&#8211; avec ou sans salle de douche<\/p>\n\n\n<div class=\"wp-block-media-text is-stacked-on-mobile\" style=\"grid-template-columns:10% auto; max-width: 540px; border: 3px solid #e71c26; padding: 10px;\"><figure class=\"wp-block-media-text__media\"><img loading=\"lazy\" decoding=\"async\" width=\"600\" height=\"600\" src=\"http:\/\/www.lesmottets.com\/tour-du-mont-blanc\/wp-content\/uploads\/2025\/10\/warning-icon-attention.png\" alt=\"\" class=\"wp-image-147 size-full\" style=\"border: none;\" srcset=\"http:\/\/www.lesmottets.com\/tour-du-mont-blanc\/wp-content\/uploads\/2025\/10\/warning-icon-attention.png 600w, http:\/\/www.lesmottets.com\/tour-du-mont-blanc\/wp-content\/uploads\/2025\/10\/warning-icon-attention-300x300.png 300w, http:\/\/www.lesmottets.com\/tour-du-mont-blanc\/wp-content\/uploads\/2025\/10\/warning-icon-attention-150x150.png 150w\" sizes=\"(max-width: 600px) 100vw, 600px\" \/><\/figure><div class=\"wp-block-media-text__content\">\n\n<p style=\"color: #e71c26; font-size: 18px;\"><strong>Le bivouac est seulement autoris\u00e9 au village des Chapieux et non autour du refuge<\/strong>.<\/p>\n\n<\/div><\/div>\n","protected":false},"excerpt":{"rendered":"<p>Situ\u00e9 au sud de la Cha\u00eene du Mont Blanc, &#8211; dans la magnifique vall\u00e9e des Glaciers&#8211; \u00e0 1864 m d\u2019altitude&#8211; au pied de l\u2019aiguille des Glaciers et du col de la Seigne&#8211; sur l\u2019itin\u00e9raire du tour du Mont Blanc le &hellip; <a href=\"http:\/\/www.lesmottets.com\/tour-du-mont-blanc\/\">Lire la suite <span class=\"meta-nav\">&rarr;<\/span><\/a><\/p>\n","protected":false},"author":2,"featured_media":0,"parent":0,"menu_order":0,"comment_status":"closed","ping_status":"closed","template":"","meta":{"ngg_post_thumbnail":0,"footnotes":""},"_links":{"self":[{"href":"http:\/\/www.lesmottets.com\/tour-du-mont-blanc\/wp-json\/wp\/v2\/pages\/2"}],"collection":[{"href":"http:\/\/www.lesmottets.com\/tour-du-mont-blanc\/wp-json\/wp\/v2\/pages"}],"about":[{"href":"http:\/\/www.lesmottets.com\/tour-du-mont-blanc\/wp-json\/wp\/v2\/types\/page"}],"author":[{"embeddable":true,"href":"http:\/\/www.lesmottets.com\/tour-du-mont-blanc\/wp-json\/wp\/v2\/users\/2"}],"replies":[{"embeddable":true,"href":"http:\/\/www.lesmottets.com\/tour-du-mont-blanc\/wp-json\/wp\/v2\/comments?post=2"}],"version-history":[{"count":6,"href":"http:\/\/www.lesmottets.com\/tour-du-mont-blanc\/wp-json\/wp\/v2\/pages\/2\/revisions"}],"predecessor-version":[{"id":153,"href":"http:\/\/www.lesmottets.com\/tour-du-mont-blanc\/wp-json\/wp\/v2\/pages\/2\/revisions\/153"}],"wp:attachment":[{"href":"http:\/\/www.lesmottets.com\/tour-du-mont-blanc\/wp-json\/wp\/v2\/media?parent=2"}],"curies":[{"name":"wp","href":"https:\/\/api.w.org\/{rel}","templated":true}]}}